{"id":691,"date":"2024-07-04T19:17:01","date_gmt":"2024-07-04T19:17:01","guid":{"rendered":"https:\/\/najtanszyinternet.pl\/?page_id=691"},"modified":"2024-07-04T19:29:27","modified_gmt":"2024-07-04T19:29:27","slug":"panel-klienta","status":"publish","type":"page","link":"https:\/\/najtanszyinternet.pl\/index.php\/panel-klienta\/","title":{"rendered":"Panel Klienta"},"content":{"rendered":"<style>.kb-row-layout-id691_e460bc-db > .kt-row-column-wrap{align-content:center;}:where(.kb-row-layout-id691_e460bc-db > .kt-row-column-wrap) > .wp-block-kadence-column{justify-content:center;}.kb-row-layout-id691_e460bc-db > .kt-row-column-wrap{column-gap:var(--global-kb-gap-md, 2rem);row-gap:var(--global-kb-gap-md, 2rem);padding-top:0px;padding-right:25px;padding-bottom:110px;padding-left:25px;min-height:500px;grid-template-columns:minmax(0, 1fr);}.kb-row-layout-id691_e460bc-db > .kt-row-layout-overlay{opacity:1;background:linear-gradient(90deg, var(--global-palette1) 12%, var(--global-palette2) 100%);}.kb-row-layout-id691_e460bc-db .kt-row-layout-bottom-sep{height:100px;}.kb-row-layout-id691_e460bc-db .kt-row-layout-bottom-sep svg{width:100%;}.kb-row-layout-id691_e460bc-db .kt-row-layout-bottom-sep svg{fill:var(--global-palette9, #ffffff)!important;}@media all and (max-width: 1024px){.kb-row-layout-id691_e460bc-db > .kt-row-column-wrap{grid-template-columns:minmax(0, 1fr);}}@media all and (max-width: 1024px){.kb-row-layout-id691_e460bc-db .kt-row-layout-bottom-sep{height:px;}}@media all and (max-width: 1024px){.kb-row-layout-id691_e460bc-db .kt-row-layout-bottom-sep svg{width:%;}}@media all and (max-width: 767px){.kb-row-layout-id691_e460bc-db > .kt-row-column-wrap{grid-template-columns:minmax(0, 1fr);}.kb-row-layout-id691_e460bc-db .kt-row-layout-bottom-sep{height:px;}.kb-row-layout-id691_e460bc-db .kt-row-layout-bottom-sep svg{width:%;}}<\/style><div class=\"kb-row-layout-wrap kb-row-layout-id691_e460bc-db alignnone kt-row-has-bg wp-block-kadence-rowlayout\"><div class=\"kt-row-layout-overlay kt-row-overlay-gradient\"><\/div><div class=\"kt-row-layout-bottom-sep kt-row-sep-type-mtns\"><svg viewBox=\"0 0 1000 100\" preserveAspectRatio=\"none\"><path d=\"M1000,50l-182.69,-45.286l-292.031,61.197l-190.875,-41.075l-143.748,28.794l-190.656,-23.63l0,70l1000,0l0,-50Z\" style=\"opacity: 0.4\" \/><path d=\"M1000,57l-152.781,-22.589l-214.383,19.81l-159.318,-21.471l-177.44,25.875l-192.722,5.627l-103.356,-27.275l0,63.023l1000,0l0,-43Z\" \/><\/svg><\/div><div class=\"kt-row-column-wrap kt-has-1-columns kt-row-layout-equal kt-tab-layout-inherit kt-mobile-layout-row kt-row-valign-middle\">\n<style>.kadence-column691_f54b1a-89 > .kt-inside-inner-col,.kadence-column691_f54b1a-89 > .kt-inside-inner-col:before{border-top-left-radius:0px;border-top-right-radius:0px;border-bottom-right-radius:0px;border-bottom-left-radius:0px;}.kadence-column691_f54b1a-89 > .kt-inside-inner-col{column-gap:var(--global-kb-gap-sm, 1rem);}.kadence-column691_f54b1a-89 > .kt-inside-inner-col{flex-direction:column;}.kadence-column691_f54b1a-89 > .kt-inside-inner-col > .aligncenter{width:100%;}.kadence-column691_f54b1a-89 > .kt-inside-inner-col:before{opacity:0.3;}.kadence-column691_f54b1a-89{position:relative;}@media all and (max-width: 1024px){.kadence-column691_f54b1a-89 > .kt-inside-inner-col{flex-direction:column;justify-content:center;}}@media all and (max-width: 767px){.kadence-column691_f54b1a-89 > .kt-inside-inner-col{flex-direction:column;justify-content:center;}}<\/style>\n<div class=\"wp-block-kadence-column kadence-column691_f54b1a-89 inner-column-1\"><div class=\"kt-inside-inner-col\"><style>.wp-block-kadence-advancedheading.kt-adv-heading691_df99b9-65, .wp-block-kadence-advancedheading.kt-adv-heading691_df99b9-65[data-kb-block=\"kb-adv-heading691_df99b9-65\"]{padding-top:var(--global-kb-spacing-md, 2rem);margin-top:100px;text-align:center;font-size:65px;font-weight:normal;font-style:normal;letter-spacing:3px;color:#ffffff;text-shadow:1px 1px 1px rgba(0, 0, 0, 0.2);}.wp-block-kadence-advancedheading.kt-adv-heading691_df99b9-65 mark.kt-highlight, .wp-block-kadence-advancedheading.kt-adv-heading691_df99b9-65[data-kb-block=\"kb-adv-heading691_df99b9-65\"] mark.kt-highlight{font-weight:normal;font-style:normal;color:#f76a0c;-webkit-box-decoration-break:clone;box-decoration-break:clone;padding-top:0px;padding-right:0px;padding-bottom:0px;padding-left:0px;}@media all and (max-width: 1024px){.wp-block-kadence-advancedheading.kt-adv-heading691_df99b9-65, .wp-block-kadence-advancedheading.kt-adv-heading691_df99b9-65[data-kb-block=\"kb-adv-heading691_df99b9-65\"]{text-shadow:1px 1px 1px rgba(0, 0, 0, 0.2);font-size:50px;}}@media all and (max-width: 767px){.wp-block-kadence-advancedheading.kt-adv-heading691_df99b9-65, .wp-block-kadence-advancedheading.kt-adv-heading691_df99b9-65[data-kb-block=\"kb-adv-heading691_df99b9-65\"]{text-shadow:1px 1px 1px rgba(0, 0, 0, 0.2);font-size:40px;}}<\/style>\n<h1 class=\"kt-adv-heading691_df99b9-65 wp-block-kadence-advancedheading\" data-kb-block=\"kb-adv-heading691_df99b9-65\"><strong>Panel Klienta<\/strong><\/h1>\n<\/div><\/div>\n\n<\/div><\/div>\n\n<style>.kb-row-layout-wrap.wp-block-kadence-rowlayout.kb-row-layout-id691_1d9ed4-82{margin-top:-200px;}.kb-row-layout-id691_1d9ed4-82 > .kt-row-column-wrap{align-content:start;}:where(.kb-row-layout-id691_1d9ed4-82 > .kt-row-column-wrap) > .wp-block-kadence-column{justify-content:start;}.kb-row-layout-id691_1d9ed4-82 > .kt-row-column-wrap{column-gap:var(--global-kb-gap-md, 2rem);row-gap:var(--global-kb-gap-md, 2rem);max-width:1280px;margin-left:auto;margin-right:auto;padding-top:60px;padding-right:25px;padding-bottom:80px;padding-left:25px;grid-template-columns:minmax(0, 1fr);}.kb-row-layout-id691_1d9ed4-82 > .kt-row-layout-overlay{opacity:0.30;}.kb-row-layout-id691_1d9ed4-82 .kt-row-layout-bottom-sep{height:100px;}.kb-row-layout-id691_1d9ed4-82 .kt-row-layout-bottom-sep svg{width:100%;}.kb-row-layout-id691_1d9ed4-82 .kt-row-layout-bottom-sep svg{fill:#ffffff!important;}@media all and (max-width: 1024px){.kb-row-layout-id691_1d9ed4-82 > .kt-row-column-wrap{grid-template-columns:minmax(0, 1fr);}}@media all and (max-width: 1024px){.kb-row-layout-id691_1d9ed4-82 .kt-row-layout-bottom-sep{height:px;}}@media all and (max-width: 1024px){.kb-row-layout-id691_1d9ed4-82 .kt-row-layout-bottom-sep svg{width:%;}}@media all and (max-width: 767px){.kb-row-layout-id691_1d9ed4-82 > .kt-row-column-wrap{grid-template-columns:minmax(0, 1fr);}.kb-row-layout-id691_1d9ed4-82 .kt-row-layout-bottom-sep{height:px;}.kb-row-layout-id691_1d9ed4-82 .kt-row-layout-bottom-sep svg{width:%;}}<\/style><div class=\"kb-row-layout-wrap kb-row-layout-id691_1d9ed4-82 alignnone wp-block-kadence-rowlayout\"><div class=\"kt-row-column-wrap kt-has-1-columns kt-row-layout-equal kt-tab-layout-inherit kt-mobile-layout-row kt-row-valign-top\">\n<style>.kadence-column691_40408a-4d > .kt-inside-inner-col{display:flex;}.kadence-column691_40408a-4d > .kt-inside-inner-col{padding-top:50px;padding-right:40px;padding-bottom:50px;padding-left:40px;}.kadence-column691_40408a-4d > .kt-inside-inner-col{box-shadow:0px 0px 50px 0px rgba(0, 0, 0, 0.12);}.kadence-column691_40408a-4d > .kt-inside-inner-col,.kadence-column691_40408a-4d > .kt-inside-inner-col:before{border-top-left-radius:10px;border-top-right-radius:10px;border-bottom-right-radius:10px;border-bottom-left-radius:10px;}.kadence-column691_40408a-4d > .kt-inside-inner-col{row-gap:0px;column-gap:var(--global-kb-gap-sm, 1rem);}.kadence-column691_40408a-4d > .kt-inside-inner-col{flex-direction:column;align-items:stretch;}.kadence-column691_40408a-4d > .kt-inside-inner-col > .kb-image-is-ratio-size{align-self:stretch;}.kadence-column691_40408a-4d > .kt-inside-inner-col > .wp-block-kadence-advancedgallery{align-self:stretch;}.kadence-column691_40408a-4d > .kt-inside-inner-col > .aligncenter{width:100%;}.kadence-column691_40408a-4d > .kt-inside-inner-col{background-color:var(--global-palette9, #ffffff);}.kadence-column691_40408a-4d > .kt-inside-inner-col:before{opacity:0.3;}.kadence-column691_40408a-4d{position:relative;}.kadence-column691_40408a-4d, .kt-inside-inner-col > .kadence-column691_40408a-4d:not(.specificity){margin-top:0px;}@media all and (max-width: 1024px){.kadence-column691_40408a-4d > .kt-inside-inner-col{padding-top:50px;padding-right:20px;padding-bottom:30px;padding-left:20px;flex-direction:column;justify-content:center;align-items:stretch;}}@media all and (max-width: 767px){.kadence-column691_40408a-4d > .kt-inside-inner-col{padding-top:50px;padding-right:15px;padding-bottom:30px;padding-left:15px;flex-direction:column;justify-content:center;align-items:stretch;}}<\/style>\n<div class=\"wp-block-kadence-column kadence-column691_40408a-4d kb-section-dir-vertical\"><div class=\"kt-inside-inner-col\">\n<p class=\"has-text-align-center has-medium-font-size\"><strong>Zaloguj si\u0119 do twojego konta gdzie uzyskasz informacje <\/strong><br><strong>o swoim przy\u0142\u0105czu internetowym i rozliczeniach i fakturach.<\/strong><\/p>\n\n\n<style>.wp-block-kadence-advancedbtn.kb-btns691_5a931e-0a{gap:var(--global-kb-gap-xs, 0.5rem );justify-content:center;align-items:center;}.kt-btns691_5a931e-0a .kt-button{font-weight:normal;font-style:normal;}.kt-btns691_5a931e-0a .kt-btn-wrap-0{margin-right:5px;}.wp-block-kadence-advancedbtn.kt-btns691_5a931e-0a .kt-btn-wrap-0 .kt-button{color:#555555;border-color:#555555;}.wp-block-kadence-advancedbtn.kt-btns691_5a931e-0a .kt-btn-wrap-0 .kt-button:hover, .wp-block-kadence-advancedbtn.kt-btns691_5a931e-0a .kt-btn-wrap-0 .kt-button:focus{color:#ffffff;border-color:#444444;}.wp-block-kadence-advancedbtn.kt-btns691_5a931e-0a .kt-btn-wrap-0 .kt-button::before{display:none;}.wp-block-kadence-advancedbtn.kt-btns691_5a931e-0a .kt-btn-wrap-0 .kt-button:hover, .wp-block-kadence-advancedbtn.kt-btns691_5a931e-0a .kt-btn-wrap-0 .kt-button:focus{background:#444444;}<\/style>\n<div class=\"wp-block-kadence-advancedbtn kb-buttons-wrap kb-btns691_5a931e-0a\"><style>ul.menu .wp-block-kadence-advancedbtn .kb-btn691_6886b5-d6.kb-button{width:initial;}.wp-block-kadence-advancedbtn .kb-btn691_6886b5-d6.kb-button{border-top-left-radius:20px;border-top-right-radius:5px;border-bottom-right-radius:20px;border-bottom-left-radius:5px;box-shadow:1px 1px 2px 0px rgba(0, 0, 0, 0.2);}.wp-block-kadence-advancedbtn .kb-btn691_6886b5-d6.kb-button:hover, .wp-block-kadence-advancedbtn .kb-btn691_6886b5-d6.kb-button:focus{border-top:10px solid;border-right:10px solid;border-bottom:10px solid;border-left:10px solid;}@media all and (max-width: 1024px){.wp-block-kadence-advancedbtn .kb-btn691_6886b5-d6.kb-button:hover, .wp-block-kadence-advancedbtn .kb-btn691_6886b5-d6.kb-button:focus{border-top:10px solid;border-right:10px solid;border-bottom:10px solid;border-left:10px solid;}}@media all and (max-width: 767px){.wp-block-kadence-advancedbtn .kb-btn691_6886b5-d6.kb-button:hover, .wp-block-kadence-advancedbtn .kb-btn691_6886b5-d6.kb-button:focus{border-top:10px solid;border-right:10px solid;border-bottom:10px solid;border-left:10px solid;}}<\/style><span class=\"kb-button kt-button button kb-btn691_6886b5-d6 kt-btn-size-large kt-btn-width-type-auto kb-btn-global-fill kt-btn-has-text-true kt-btn-has-svg-true  wp-block-kadence-singlebtn\"><span class=\"kb-svg-icon-wrap kb-svg-icon-fe_arrowRightCircle kt-btn-icon-side-left\"><svg viewBox=\"0 0 24 24\"  fill=\"none\" stroke=\"currentColor\" stroke-width=\"2\" stroke-linecap=\"round\" stroke-linejoin=\"round\" xmlns=\"http:\/\/www.w3.org\/2000\/svg\"  aria-hidden=\"true\"><circle cx=\"12\" cy=\"12\" r=\"10\"\/><polyline points=\"12 16 16 12 12 8\"\/><line x1=\"8\" y1=\"12\" x2=\"16\" y2=\"12\"\/><\/svg><\/span><span class=\"kt-btn-inner-text\">Logowanie do Panelu Klienta<\/span><\/span><\/div>\n<\/div><\/div>\n\n<\/div><\/div>","protected":false},"excerpt":{"rendered":"<p>Panel Klienta Zaloguj si\u0119 do twojego konta gdzie uzyskasz informacje o swoim przy\u0142\u0105czu internetowym i rozliczeniach i fakturach.<\/p>\n","protected":false},"author":1,"featured_media":0,"parent":0,"menu_order":0,"comment_status":"closed","ping_status":"closed","template":"","meta":{"_kadence_starter_templates_imported_post":false,"_kad_post_transparent":"default","_kad_post_title":"hide","_kad_post_layout":"default","_kad_post_sidebar_id":"","_kad_post_content_style":"","_kad_post_vertical_padding":"","_kad_post_feature":"","_kad_post_feature_position":"","_kad_post_header":false,"_kad_post_footer":false,"footnotes":""},"class_list":["post-691","page","type-page","status-publish","hentry"],"_links":{"self":[{"href":"https:\/\/najtanszyinternet.pl\/index.php\/wp-json\/wp\/v2\/pages\/691","targetHints":{"allow":["GET"]}}],"collection":[{"href":"https:\/\/najtanszyinternet.pl\/index.php\/wp-json\/wp\/v2\/pages"}],"about":[{"href":"https:\/\/najtanszyinternet.pl\/index.php\/wp-json\/wp\/v2\/types\/page"}],"author":[{"embeddable":true,"href":"https:\/\/najtanszyinternet.pl\/index.php\/wp-json\/wp\/v2\/users\/1"}],"replies":[{"embeddable":true,"href":"https:\/\/najtanszyinternet.pl\/index.php\/wp-json\/wp\/v2\/comments?post=691"}],"version-history":[{"count":23,"href":"https:\/\/najtanszyinternet.pl\/index.php\/wp-json\/wp\/v2\/pages\/691\/revisions"}],"predecessor-version":[{"id":716,"href":"https:\/\/najtanszyinternet.pl\/index.php\/wp-json\/wp\/v2\/pages\/691\/revisions\/716"}],"wp:attachment":[{"href":"https:\/\/najtanszyinternet.pl\/index.php\/wp-json\/wp\/v2\/media?parent=691"}],"curies":[{"name":"wp","href":"https:\/\/api.w.org\/{rel}","templated":true}]}}